{"id":147,"date":"2016-11-06T21:10:21","date_gmt":"2016-11-06T20:10:21","guid":{"rendered":"http:\/\/www.coverinnov.com\/?page_id=147"},"modified":"2020-08-28T14:33:01","modified_gmt":"2020-08-28T12:33:01","slug":"technique","status":"publish","type":"page","link":"https:\/\/www.coverinnov.com\/index.php\/technique\/","title":{"rendered":"Technique"},"content":{"rendered":"<p style=\"text-align: center;\">Le proc\u00e9d\u00e9 FIBRAinnov a fait l&#8217;objet de deux d\u00e9p\u00f4ts de brevets.<\/p>\n<p style=\"text-align: center;\">Il b\u00e9n\u00e9ficie d&#8217;un cahier des charge de pose valid\u00e9 <span style=\"font-size: inherit;\">par le bureau de contr\u00f4le &#8220;Alpes Contr\u00f4les&#8221;<\/span><\/p>\n<p style=\"text-align: center;\"><span style=\"font-size: inherit;\"><img loading=\"lazy\" class=\"alignnone  wp-image-270\" src=\"https:\/\/www.coverinnov.com\/wp-content\/uploads\/2020\/08\/logo-alpes-controles.jpg\" alt=\"\" width=\"250\" height=\"57\" srcset=\"https:\/\/www.coverinnov.com\/wp-content\/uploads\/2020\/08\/logo-alpes-controles.jpg 638w, https:\/\/www.coverinnov.com\/wp-content\/uploads\/2020\/08\/logo-alpes-controles-300x68.jpg 300w\" sizes=\"(max-width: 250px) 100vw, 250px\" \/><\/span><\/p>\n<p style=\"text-align: center;\">\n<p style=\"text-align: center;\">Le proc\u00e9d\u00e9 est couvert en garantie de commercialisation par l&#8217;assurance SMABTP<\/p>\n<p style=\"text-align: center;\"><img loading=\"lazy\" class=\"wp-image-269 alignnone\" src=\"https:\/\/www.coverinnov.com\/wp-content\/uploads\/2020\/08\/logo-smabtp-partenaire-cinov-lr.jpg\" alt=\"\" width=\"237\" height=\"94\" srcset=\"https:\/\/www.coverinnov.com\/wp-content\/uploads\/2020\/08\/logo-smabtp-partenaire-cinov-lr.jpg 760w, https:\/\/www.coverinnov.com\/wp-content\/uploads\/2020\/08\/logo-smabtp-partenaire-cinov-lr-300x118.jpg 300w, https:\/\/www.coverinnov.com\/wp-content\/uploads\/2020\/08\/logo-smabtp-partenaire-cinov-lr-380x152.jpg 380w\" sizes=\"(max-width: 237px) 100vw, 237px\" \/><\/p>\n<p style=\"text-align: center;\">Vous pouvez donc obtenir une <strong>GARANTIE D\u00c9CENNALE<\/strong> via l&#8217;entreprise r\u00e9alisant les travaux.<\/p>\n<p style=\"text-align: center;\">\n","protected":false},"excerpt":{"rendered":"<p>Le proc\u00e9d\u00e9 FIBRAinnov a fait l&#8217;objet de deux d\u00e9p\u00f4ts de brevets. Il b\u00e9n\u00e9ficie d&#8217;un cahier des charge de pose valid\u00e9 par le bureau de contr\u00f4le &#8220;Alpes Contr\u00f4les&#8221; Le proc\u00e9d\u00e9 est couvert en garantie de commercialisation par l&#8217;assurance SMABTP Vous pouvez donc obtenir une GARANTIE D\u00c9CENNALE via l&#8217;entreprise r\u00e9alisant les travaux.<\/p>\n","protected":false},"author":1,"featured_media":0,"parent":0,"menu_order":4,"comment_status":"closed","ping_status":"closed","template":"","meta":[],"_links":{"self":[{"href":"https:\/\/www.coverinnov.com\/index.php\/wp-json\/wp\/v2\/pages\/147"}],"collection":[{"href":"https:\/\/www.coverinnov.com\/index.php\/wp-json\/wp\/v2\/pages"}],"about":[{"href":"https:\/\/www.coverinnov.com\/index.php\/wp-json\/wp\/v2\/types\/page"}],"author":[{"embeddable":true,"href":"https:\/\/www.coverinnov.com\/index.php\/wp-json\/wp\/v2\/users\/1"}],"replies":[{"embeddable":true,"href":"https:\/\/www.coverinnov.com\/index.php\/wp-json\/wp\/v2\/comments?post=147"}],"version-history":[{"count":21,"href":"https:\/\/www.coverinnov.com\/index.php\/wp-json\/wp\/v2\/pages\/147\/revisions"}],"predecessor-version":[{"id":284,"href":"https:\/\/www.coverinnov.com\/index.php\/wp-json\/wp\/v2\/pages\/147\/revisions\/284"}],"wp:attachment":[{"href":"https:\/\/www.coverinnov.com\/index.php\/wp-json\/wp\/v2\/media?parent=147"}],"curies":[{"name":"wp","href":"https:\/\/api.w.org\/{rel}","templated":true}]}}