{"id":357,"date":"2020-12-06T15:09:28","date_gmt":"2020-12-06T14:09:28","guid":{"rendered":"https:\/\/www.coverinnov.com\/?page_id=357"},"modified":"2020-12-12T18:28:41","modified_gmt":"2020-12-12T17:28:41","slug":"contact-2","status":"publish","type":"page","link":"https:\/\/www.coverinnov.com\/index.php\/contact-2\/","title":{"rendered":"Contact"},"content":{"rendered":"\n<p>Pour toute demande d&#8217;information envoyer un mail \u00e0 : <a href=\"mailto:contact@coverinnov.com\">contact@coverinnov.com<\/a> ou remplir le formulaire ci-dessous.<\/p>\n\n\n\n<p>T\u00e9l\u00e9phone : 06.38.02.55.92<\/p>\n\n\n\n<p>Adresse : Cover Innov<br>7 Avenue Didier Daurat<br>CS 30044 &#8211; 31702 Blagnac<\/p>\n\n\n\n<p>Formulaire de renseignement projet \u00e0 remplir\u00a0pour obtenir un chiffrage d\u00e9taill\u00e9 : <a href=\"https:\/\/www.coverinnov.com\/wp-content\/uploads\/2020\/12\/Fiche-de-renseignement.pdf\" data-type=\"URL\" data-id=\"https:\/\/www.coverinnov.com\/wp-content\/uploads\/2020\/12\/Fiche-de-renseignement.pdf\" target=\"_blank\" rel=\"noreferrer noopener\">Fiche de renseignement projet<\/a><\/p>\n\n\n\n<hr class=\"wp-block-separator\"\/>\n\n\n\n<p><\/p>\n\n\n\n<p class=\"has-text-align-center\"><strong>Formulaire de contact<\/strong><\/p>\n\n\n\n<div class=\"wp-block-contact-form-7-contact-form-selector\"><div role=\"form\" class=\"wpcf7\" id=\"wpcf7-f355-o1\" lang=\"fr-FR\" dir=\"ltr\">\n<div class=\"screen-reader-response\"><p role=\"status\" aria-live=\"polite\" aria-atomic=\"true\"><\/p> <ul><\/ul><\/div>\n<form action=\"\/index.php\/wp-json\/wp\/v2\/pages\/357#wpcf7-f355-o1\" method=\"post\" class=\"wpcf7-form init\" enctype=\"multipart\/form-data\" novalidate=\"novalidate\" data-status=\"init\">\n<div style=\"display: none;\">\n<input type=\"hidden\" name=\"_wpcf7\" value=\"355\" \/>\n<input type=\"hidden\" name=\"_wpcf7_version\" value=\"5.4\" \/>\n<input type=\"hidden\" name=\"_wpcf7_locale\" value=\"fr_FR\" \/>\n<input type=\"hidden\" name=\"_wpcf7_unit_tag\" value=\"wpcf7-f355-o1\" \/>\n<input type=\"hidden\" name=\"_wpcf7_container_post\" value=\"0\" \/>\n<input type=\"hidden\" name=\"_wpcf7_posted_data_hash\" value=\"\" \/>\n<input type=\"hidden\" name=\"_wpcf7_recaptcha_response\" value=\"\" \/>\n<\/div>\n<p><strong><label> Statut<br \/>\n    <span class=\"wpcf7-form-control-wrap statut\"><select name=\"statut\" class=\"wpcf7-form-control wpcf7-select\" aria-invalid=\"false\"><option value=\"\">---<\/option><option value=\"Je suis propri\u00e9taire d&#039;un b\u00e2timent \u00e0 r\u00e9nover\">Je suis propri\u00e9taire d&#039;un b\u00e2timent \u00e0 r\u00e9nover<\/option><option value=\"Je suis une soci\u00e9t\u00e9 sp\u00e9cialis\u00e9e en couverture\">Je suis une soci\u00e9t\u00e9 sp\u00e9cialis\u00e9e en couverture<\/option><\/select><\/span> <\/label><\/p>\n<p><label> Nom*<br \/>\n    <span class=\"wpcf7-form-control-wrap your-name\"><input type=\"text\" name=\"your-name\" value=\"\" size=\"40\" class=\"wpcf7-form-control wpcf7-text wpcf7-validates-as-required\" aria-required=\"true\" aria-invalid=\"false\" \/><\/span> <\/label><\/p>\n<p><label> Email*<br \/>\n    <span class=\"wpcf7-form-control-wrap your-email\"><input type=\"email\" name=\"your-email\" value=\"\" size=\"40\" class=\"wpcf7-form-control wpcf7-text wpcf7-email wpcf7-validates-as-required wpcf7-validates-as-email\" aria-required=\"true\" aria-invalid=\"false\" \/><\/span> <\/label><\/p>\n<p><label> T\u00e9l\u00e9phone<br \/>\n    <span class=\"wpcf7-form-control-wrap tel\"><input type=\"tel\" name=\"tel\" value=\"\" size=\"40\" class=\"wpcf7-form-control wpcf7-text wpcf7-tel wpcf7-validates-as-tel\" aria-invalid=\"false\" \/><\/span> <\/label><\/p>\n<p><label> Commentaire ou message*<br \/>\n    <span class=\"wpcf7-form-control-wrap your-message\"><textarea name=\"your-message\" cols=\"40\" rows=\"10\" class=\"wpcf7-form-control wpcf7-textarea wpcf7-validates-as-required\" aria-required=\"true\" aria-invalid=\"false\"><\/textarea><\/span> <\/label><br \/>\n<\/strong><br \/>\nPour joindre un fichier, cliquez sur le bouton ci-dessous : <span class=\"wpcf7-form-control-wrap fichier\"><input type=\"file\" name=\"fichier\" size=\"40\" class=\"wpcf7-form-control wpcf7-file\" accept=\".jpg,.jpeg,.png,.gif,.pdf,.doc,.docx,.ppt,.pptx,.odt,.avi,.ogg,.m4a,.mov,.mp3,.mp4,.mpg,.wav,.wmv\" aria-invalid=\"false\" \/><\/span> <\/label> <\/p>\n<p><input type=\"submit\" value=\"Envoyer\" class=\"wpcf7-form-control wpcf7-submit\" \/><\/p>\n<div class=\"wpcf7-response-output\" aria-hidden=\"true\"><\/div><\/form><\/div><\/div>\n\n\n\n<p><\/p>\n","protected":false},"excerpt":{"rendered":"<p>Pour toute demande d&#8217;information envoyer un mail \u00e0 : contact@coverinnov.com ou remplir le formulaire ci-dessous. T\u00e9l\u00e9phone : 06.38.02.55.92 Adresse : Cover Innov7 Avenue Didier DauratCS 30044 &#8211; 31702 Blagnac Formulaire de renseignement projet \u00e0 remplir\u00a0pour obtenir un chiffrage d\u00e9taill\u00e9 : Fiche de renseignement projet Formulaire de contact<\/p>\n","protected":false},"author":1,"featured_media":0,"parent":0,"menu_order":8,"comment_status":"closed","ping_status":"closed","template":"","meta":[],"_links":{"self":[{"href":"https:\/\/www.coverinnov.com\/index.php\/wp-json\/wp\/v2\/pages\/357"}],"collection":[{"href":"https:\/\/www.coverinnov.com\/index.php\/wp-json\/wp\/v2\/pages"}],"about":[{"href":"https:\/\/www.coverinnov.com\/index.php\/wp-json\/wp\/v2\/types\/page"}],"author":[{"embeddable":true,"href":"https:\/\/www.coverinnov.com\/index.php\/wp-json\/wp\/v2\/users\/1"}],"replies":[{"embeddable":true,"href":"https:\/\/www.coverinnov.com\/index.php\/wp-json\/wp\/v2\/comments?post=357"}],"version-history":[{"count":9,"href":"https:\/\/www.coverinnov.com\/index.php\/wp-json\/wp\/v2\/pages\/357\/revisions"}],"predecessor-version":[{"id":372,"href":"https:\/\/www.coverinnov.com\/index.php\/wp-json\/wp\/v2\/pages\/357\/revisions\/372"}],"wp:attachment":[{"href":"https:\/\/www.coverinnov.com\/index.php\/wp-json\/wp\/v2\/media?parent=357"}],"curies":[{"name":"wp","href":"https:\/\/api.w.org\/{rel}","templated":true}]}}