{"id":383,"date":"2020-12-12T18:27:53","date_gmt":"2020-12-12T17:27:53","guid":{"rendered":"https:\/\/www.coverinnov.com\/?page_id=383"},"modified":"2020-12-12T18:28:48","modified_gmt":"2020-12-12T17:28:48","slug":"demande-de-devis","status":"publish","type":"page","link":"https:\/\/www.coverinnov.com\/index.php\/demande-de-devis\/","title":{"rendered":"Demande de Devis"},"content":{"rendered":"\n<div class=\"wp-block-contact-form-7-contact-form-selector\"><div role=\"form\" class=\"wpcf7\" id=\"wpcf7-f382-o1\" lang=\"fr-FR\" dir=\"ltr\">\n<div class=\"screen-reader-response\"><p role=\"status\" aria-live=\"polite\" aria-atomic=\"true\"><\/p> <ul><\/ul><\/div>\n<form action=\"\/index.php\/wp-json\/wp\/v2\/pages\/383#wpcf7-f382-o1\" method=\"post\" class=\"wpcf7-form init\" enctype=\"multipart\/form-data\" novalidate=\"novalidate\" data-status=\"init\">\n<div style=\"display: none;\">\n<input type=\"hidden\" name=\"_wpcf7\" value=\"382\" \/>\n<input type=\"hidden\" name=\"_wpcf7_version\" value=\"5.4\" \/>\n<input type=\"hidden\" name=\"_wpcf7_locale\" value=\"fr_FR\" \/>\n<input type=\"hidden\" name=\"_wpcf7_unit_tag\" value=\"wpcf7-f382-o1\" \/>\n<input type=\"hidden\" name=\"_wpcf7_container_post\" value=\"0\" \/>\n<input type=\"hidden\" name=\"_wpcf7_posted_data_hash\" value=\"\" \/>\n<input type=\"hidden\" name=\"_wpcf7_recaptcha_response\" value=\"\" \/>\n<\/div>\n<p><center>Nous sommes distributeurs du produit et pouvons vous mettre en relation avec des entreprises de couverture qui r\u00e9aliseront vos travaux.<br \/>\nLe proc\u00e9d\u00e9 s'adresse \u00e0 des toitures d'une superficie minimum de 300m\u00b2.<\/center><br \/>\n<b><\/p>\n<table style=\"border:hidden\">\n<tr style=\"border:hidden\">\n<td align=\"left\">\n<p>Informations Batiment<\/p>\n<p>Nom du Projet<span class=\"wpcf7-form-control-wrap Nom-Projet\"><input type=\"text\" name=\"Nom-Projet\" value=\"\" size=\"40\" class=\"wpcf7-form-control wpcf7-text\" aria-invalid=\"false\" \/><\/span><\/p>\n<p>Adresse<span class=\"wpcf7-form-control-wrap AdresseP\"><textarea name=\"AdresseP\" cols=\"40\" rows=\"10\" class=\"wpcf7-form-control wpcf7-textarea\" aria-invalid=\"false\"><\/textarea><\/span><\/p>\n<p>CP <span class=\"wpcf7-form-control-wrap CPP\"><input type=\"text\" name=\"CPP\" value=\"\" size=\"40\" class=\"wpcf7-form-control wpcf7-text\" aria-invalid=\"false\" \/><\/span><\/p>\n<p>Ville <span class=\"wpcf7-form-control-wrap VilleP\"><input type=\"text\" name=\"VilleP\" value=\"\" size=\"40\" class=\"wpcf7-form-control wpcf7-text wpcf7-validates-as-required\" aria-required=\"true\" aria-invalid=\"false\" \/><\/span><\/p>\n<\/td>\n<td valign=\"middle\"><img src=\"https:\/\/www.coverinnov.com\/wp-content\/uploads\/2020\/12\/Schema.jpg\" width=\"600\"><\/td>\n<td align=\"right\">\n<p><b>Coordonn\u00e9es Client<\/b><\/p>\n<p>Statut<span class=\"wpcf7-form-control-wrap statut\"><select name=\"statut\" class=\"wpcf7-form-control wpcf7-select\" aria-invalid=\"false\"><option value=\"\">---<\/option><option value=\"Je suis propri\u00e9taire d&#039;un b\u00e2timent \u00e0 r\u00e9nover\">Je suis propri\u00e9taire d&#039;un b\u00e2timent \u00e0 r\u00e9nover<\/option><option value=\"Je suis une soci\u00e9t\u00e9 sp\u00e9cialis\u00e9e en couverture\">Je suis une soci\u00e9t\u00e9 sp\u00e9cialis\u00e9e en couverture<\/option><\/select><\/span><\/p>\n<p>Contact<span class=\"wpcf7-form-control-wrap contact\"><input type=\"text\" name=\"contact\" value=\"\" size=\"40\" class=\"wpcf7-form-control wpcf7-text wpcf7-validates-as-required\" aria-required=\"true\" aria-invalid=\"false\" placeholder=\"Mr\/Mme\" \/><\/span><\/p>\n<p><label>Soci\u00e9t\u00e9<span class=\"wpcf7-form-control-wrap societe\"><input type=\"text\" name=\"societe\" value=\"\" size=\"40\" class=\"wpcf7-form-control wpcf7-text wpcf7-validates-as-required\" aria-required=\"true\" aria-invalid=\"false\" \/><\/span><\/label><\/p>\n<p>Adresse<span class=\"wpcf7-form-control-wrap AdresseS\"><textarea name=\"AdresseS\" cols=\"40\" rows=\"10\" class=\"wpcf7-form-control wpcf7-textarea\" aria-invalid=\"false\" placeholder=\"N\u00b0 rue \/ CP \/ Ville\"><\/textarea><\/span><\/p>\n<p>Email<span class=\"wpcf7-form-control-wrap Email\"><input type=\"email\" name=\"Email\" value=\"\" size=\"40\" class=\"wpcf7-form-control wpcf7-text wpcf7-email wpcf7-validates-as-required wpcf7-validates-as-email\" aria-required=\"true\" aria-invalid=\"false\" \/><\/span> <\/p>\n<p>Tel<span class=\"wpcf7-form-control-wrap Phone\"><input type=\"tel\" name=\"Phone\" value=\"\" size=\"40\" class=\"wpcf7-form-control wpcf7-text wpcf7-tel wpcf7-validates-as-required wpcf7-validates-as-tel\" aria-required=\"true\" aria-invalid=\"false\" \/><\/span> <\/p>\n<\/td>\n<\/tr>\n<tr style=\"border:hidden\">\n<td align=\"left\">\n<p>Longueur   (m)  <span class=\"wpcf7-form-control-wrap Longueur\"><input type=\"text\" name=\"Longueur\" value=\"\" size=\"40\" class=\"wpcf7-form-control wpcf7-text\" aria-invalid=\"false\" \/><\/span><\/p>\n<p>Versant1   (m)  <span class=\"wpcf7-form-control-wrap Versant1\"><input type=\"text\" name=\"Versant1\" value=\"\" size=\"40\" class=\"wpcf7-form-control wpcf7-text\" aria-invalid=\"false\" \/><\/span><\/p>\n<p>Versant2   (m)  <span class=\"wpcf7-form-control-wrap Versant2\"><input type=\"text\" name=\"Versant2\" value=\"\" size=\"40\" class=\"wpcf7-form-control wpcf7-text\" aria-invalid=\"false\" \/><\/span><\/p>\n<p>Superficie (m\u00b2) <span class=\"wpcf7-form-control-wrap Superficie\"><input type=\"text\" name=\"Superficie\" value=\"0\" class=\"wpcf7-form-control wpcf7-calculator wpcf7-validates-as-calculator occf7cal-total\" readonly=\"readonly\" data-formulas=\"Longueur*(Versant1+Versant2)\" \/><\/span><\/p>\n<\/td>\n<td valign=\"bottom\">\n          Commentaire ou message <span class=\"wpcf7-form-control-wrap Comment\"><textarea name=\"Comment\" cols=\"40\" rows=\"10\" class=\"wpcf7-form-control wpcf7-textarea\" aria-invalid=\"false\"><\/textarea><\/span><br \/>\nPour joindre un fichier, cliquez sur le bouton ci-dessous : <span class=\"wpcf7-form-control-wrap fichier\"><input type=\"file\" name=\"fichier\" size=\"40\" class=\"wpcf7-form-control wpcf7-file\" accept=\".jpg,.jpeg,.png,.gif,.pdf,.doc,.docx,.ppt,.pptx,.odt,.avi,.ogg,.m4a,.mov,.mp3,.mp4,.mpg,.wav,.wmv\" aria-invalid=\"false\" \/><\/span><\/p>\n<p align=\"left\"><input type=\"submit\" value=\"Envoyer\" class=\"wpcf7-form-control wpcf7-submit\" \/><\/p>\n<\/td>\n<td align=\"left\" valign=\"middle\">\n<p>Type de FibroCiment <span class=\"wpcf7-form-control-wrap Fibro\"><select name=\"Fibro\" class=\"wpcf7-form-control wpcf7-select\" aria-invalid=\"false\"><option value=\"\">---<\/option><option value=\"5 ondes \u00bd\">5 ondes \u00bd<\/option><option value=\"6 ondes \u00bd\">6 ondes \u00bd<\/option><option value=\"Autre\">Autre<\/option><\/select><\/span><\/p>\n<p>Type de Charpente <span class=\"wpcf7-form-control-wrap Charpente\"><select name=\"Charpente\" class=\"wpcf7-form-control wpcf7-select\" aria-invalid=\"false\"><option value=\"\">---<\/option><option value=\"Bois\">Bois<\/option><option value=\"M\u00e9tallique\">M\u00e9tallique<\/option><option value=\"B\u00e9ton\">B\u00e9ton<\/option><\/select><\/span><\/p>\n<p>Hauteur sous faitage (m)<span class=\"wpcf7-form-control-wrap Hauteur\"><input type=\"text\" name=\"Hauteur\" value=\"\" size=\"2\" maxlength=\"4\" class=\"wpcf7-form-control wpcf7-text wpcf7-validates-as-required\" aria-required=\"true\" aria-invalid=\"false\" \/><\/span><\/p>\n<\/td>\n<\/tr>\n<\/table>\n<p><\/b><\/p>\n<div class=\"wpcf7-response-output\" aria-hidden=\"true\"><\/div><\/form><\/div><\/div>\n","protected":false},"excerpt":{"rendered":"","protected":false},"author":1,"featured_media":0,"parent":0,"menu_order":7,"comment_status":"closed","ping_status":"closed","template":"","meta":[],"_links":{"self":[{"href":"https:\/\/www.coverinnov.com\/index.php\/wp-json\/wp\/v2\/pages\/383"}],"collection":[{"href":"https:\/\/www.coverinnov.com\/index.php\/wp-json\/wp\/v2\/pages"}],"about":[{"href":"https:\/\/www.coverinnov.com\/index.php\/wp-json\/wp\/v2\/types\/page"}],"author":[{"embeddable":true,"href":"https:\/\/www.coverinnov.com\/index.php\/wp-json\/wp\/v2\/users\/1"}],"replies":[{"embeddable":true,"href":"https:\/\/www.coverinnov.com\/index.php\/wp-json\/wp\/v2\/comments?post=383"}],"version-history":[{"count":1,"href":"https:\/\/www.coverinnov.com\/index.php\/wp-json\/wp\/v2\/pages\/383\/revisions"}],"predecessor-version":[{"id":384,"href":"https:\/\/www.coverinnov.com\/index.php\/wp-json\/wp\/v2\/pages\/383\/revisions\/384"}],"wp:attachment":[{"href":"https:\/\/www.coverinnov.com\/index.php\/wp-json\/wp\/v2\/media?parent=383"}],"curies":[{"name":"wp","href":"https:\/\/api.w.org\/{rel}","templated":true}]}}